{"id":189,"date":"2011-11-09T15:42:04","date_gmt":"2011-11-09T15:42:04","guid":{"rendered":"http:\/\/www.pipidugacarapa.hr\/test\/?page_id=189"},"modified":"2013-11-06T15:57:04","modified_gmt":"2013-11-06T15:57:04","slug":"rano-ucenje-engleskog-jezika","status":"publish","type":"page","link":"http:\/\/www.pipidugacarapa.hr\/?page_id=189","title":{"rendered":"Rano u\u010denje engleskog jezika"},"content":{"rendered":"<p align=\"center\"><span style=\"color: #000080; font-family: 'comic sans ms', sans-serif;\"><strong>I speak English<\/strong><\/span><\/p>\n<p><span style=\"font-family: 'comic sans ms', sans-serif;\">U\u010denje stranog jezika pridonosi osje\u0107aju sigurnosti,samopouzdanja te spontanosti u izra\u017eavanju.<\/span><\/p>\n<p><span style=\"font-family: 'comic sans ms', sans-serif;\">Pred\u0161kolska dob je povoljno razdoblje za u\u010denje stranog jezika. Br\u017ee i lak\u0161e je usvajanje \u010distog izgovora i intonacije.<\/span><\/p>\n<p><span style=\"font-family: 'comic sans ms', sans-serif;\">Specifi\u010dni ciljevi programa su :<\/span><\/p>\n<ul>\n<li><span style=\"font-family: 'comic sans ms', sans-serif;\">razvijati i podr\u017eavati interes za u\u010denje engleskog jezika<\/span><\/li>\n<li><span style=\"font-family: 'comic sans ms', sans-serif;\">razvijati izra\u017eavanje na jeziku koji nije materinski<\/span><\/li>\n<li><span style=\"font-family: 'comic sans ms', sans-serif;\">razvijati osjetljivost za drugi fonolo\u0161ki sustav<\/span><\/li>\n<\/ul>\n<p>&nbsp;<\/p>\n<p>&nbsp;<\/p>\n","protected":false},"excerpt":{"rendered":"<p>I speak English U\u010denje stranog jezika pridonosi osje\u0107aju sigurnosti,samopouzdanja te spontanosti u izra\u017eavanju. Pred\u0161kolska dob je povoljno razdoblje za u\u010denje stranog jezika. Br\u017ee i lak\u0161e je usvajanje \u010distog izgovora i intonacije. Specifi\u010dni ciljevi programa su : razvijati i podr\u017eavati interes &hellip; <a href=\"http:\/\/www.pipidugacarapa.hr\/?page_id=189\">Nastavi \u010ditati <span class=\"meta-nav\">&rarr;<\/span><\/a><\/p>\n","protected":false},"author":1,"featured_media":0,"parent":0,"menu_order":0,"comment_status":"closed","ping_status":"open","template":"","meta":{"ngg_post_thumbnail":0},"_links":{"self":[{"href":"http:\/\/www.pipidugacarapa.hr\/index.php?rest_route=\/wp\/v2\/pages\/189"}],"collection":[{"href":"http:\/\/www.pipidugacarapa.hr\/index.php?rest_route=\/wp\/v2\/pages"}],"about":[{"href":"http:\/\/www.pipidugacarapa.hr\/index.php?rest_route=\/wp\/v2\/types\/page"}],"author":[{"embeddable":true,"href":"http:\/\/www.pipidugacarapa.hr\/index.php?rest_route=\/wp\/v2\/users\/1"}],"replies":[{"embeddable":true,"href":"http:\/\/www.pipidugacarapa.hr\/index.php?rest_route=%2Fwp%2Fv2%2Fcomments&post=189"}],"version-history":[{"count":8,"href":"http:\/\/www.pipidugacarapa.hr\/index.php?rest_route=\/wp\/v2\/pages\/189\/revisions"}],"predecessor-version":[{"id":701,"href":"http:\/\/www.pipidugacarapa.hr\/index.php?rest_route=\/wp\/v2\/pages\/189\/revisions\/701"}],"wp:attachment":[{"href":"http:\/\/www.pipidugacarapa.hr\/index.php?rest_route=%2Fwp%2Fv2%2Fmedia&parent=189"}],"curies":[{"name":"wp","href":"https:\/\/api.w.org\/{rel}","templated":true}]}}