{"id":191,"date":"2011-11-09T15:42:55","date_gmt":"2011-11-09T15:42:55","guid":{"rendered":"http:\/\/www.pipidugacarapa.hr\/test\/?page_id=191"},"modified":"2013-11-06T15:57:00","modified_gmt":"2013-11-06T15:57:00","slug":"rano-ucenje-njemackog-jezika","status":"publish","type":"page","link":"http:\/\/www.pipidugacarapa.hr\/?page_id=191","title":{"rendered":"Rano u\u010denje njema\u010dkog jezika"},"content":{"rendered":"<p align=\"center\"><span style=\"font-family: 'comic sans ms', sans-serif;\"><span style=\"color: #993366;\"><strong>WIR SPRECHEN DEUTCH<\/strong><\/span><\/span><\/p>\n<p><span style=\"font-family: 'comic sans ms', sans-serif;\">Rano u\u010denje stranog jezika u vrijeme globalizacije smatra se iznimno va\u017enim. Ima povoljne u\u010dinke na intelektualni i cjelokupni razvoj djeteta te pozitivno utje\u010de na kasnije u\u010denje drugih jezika.<\/span><\/p>\n<p><span style=\"font-family: 'comic sans ms', sans-serif;\">Dijete pred\u0161kolske dobi u\u010di na specifi\u010dan na\u010din ,istra\u017euju\u0107i svijet oko sebe cijelim svojim bi\u0107em i svim osjetilima.<\/span><\/p>\n<p><span style=\"font-family: 'comic sans ms', sans-serif;\">U pred\u0161kolskoj dobi imaju sposobnost usvojiti \u010disti, pravilan izgovor svih glasova i melodiju jezika.<\/span><\/p>\n<p><span style=\"font-family: 'comic sans ms', sans-serif;\">Cilj programa je omogu\u0107iti djeci pred\u0161kolske dobi upoznavanje i usvajanje njema\u010dkog jezika na njima prilago\u0111en na\u010din.<\/span><\/p>\n<p><span style=\"font-family: 'comic sans ms', sans-serif;\">Zada\u0107e programa su :<\/span><\/p>\n<ul>\n<li><span style=\"font-family: 'comic sans ms', sans-serif;\">senzibilizirati djecu pred\u0161kolske dobi za rano u\u010denje njema\u010dkog jezika<\/span><\/li>\n<li><span style=\"font-family: 'comic sans ms', sans-serif;\">poticati kod djece komunikaciju na njema\u010dkom jeziku kroz spontanu interakciju djece i odraslih<\/span><\/li>\n<li><span style=\"font-family: 'comic sans ms', sans-serif;\">razvijati kod djece samopouzdanje i osje\u0107aj uspje\u0161nosti kroz izra\u017eavanje na njema\u010dkom jeziku<\/span><\/li>\n<\/ul>\n<p><span style=\"font-family: 'comic sans ms', sans-serif;\">Sadr\u017eaji rada vezani su za usvajanje pojmova (rije\u010di &#8211; fraza), tematskih cjelina, te su prilago\u0111eni djetetovim interesima, iskustvima, znanju i dobi. S djecom se ostvaruju neke od predvi\u0111enih sljede\u0107ih\u00a0<strong>tematskih cjelina<\/strong>:<\/span><\/p>\n<p>&nbsp;<\/p>\n<ul>\n<li><span style=\"font-family: 'comic sans ms', sans-serif;\">Guten Tag! Ich hei\u03b2e&#8230; (pozdravi, predstavljanje)<\/span><\/li>\n<li><span style=\"font-family: 'comic sans ms', sans-serif;\">Die Farben, die Zahlen, die Formen (boje, brojevi, oblici)<\/span><\/li>\n<li><span style=\"font-family: 'comic sans ms', sans-serif;\">Das bin ich (to sam ja &#8211; dijelovi tijela)<\/span><\/li>\n<li><span style=\"font-family: 'comic sans ms', sans-serif;\">Meine Familie (moja obitelj)<\/span><\/li>\n<li><span style=\"font-family: 'comic sans ms', sans-serif;\">Mein Haus (moja ku\u0107a)<\/span><\/li>\n<li><span style=\"font-family: 'comic sans ms', sans-serif;\">Wo bin ich (prostorni odnosi)<\/span><\/li>\n<li><span style=\"font-family: 'comic sans ms', sans-serif;\">Rund ums Jahr (godi\u0161nja doba)<\/span><\/li>\n<li><span style=\"font-family: 'comic sans ms', sans-serif;\">Auf dem Bauernhof (doma\u0107e \u017eivotinje)<\/span><\/li>\n<li><span style=\"font-family: 'comic sans ms', sans-serif;\">Essen und Trinken (hrana i pi\u0107e)<\/span><\/li>\n<li><span style=\"font-family: 'comic sans ms', sans-serif;\">Obst und Gem\u03cbse (vo\u0107e i povr\u0107e)<\/span><\/li>\n<li><span style=\"font-family: 'comic sans ms', sans-serif;\">Die Tiere im Zoo (\u017eivotinje u zoolo\u0161kom vrtu)<\/span><\/li>\n<li><span style=\"font-family: 'comic sans ms', sans-serif;\">Meine Kleider (odje\u0107a i obu\u0107a)<\/span><\/li>\n<li><span style=\"font-family: 'comic sans ms', sans-serif;\">Der Verkehr (promet)<\/span><\/li>\n<li><span style=\"font-family: 'comic sans ms', sans-serif;\">St.Martin, St. Nikolaus (Sv. Nikola), Der Weihnachten (Bo\u017ei\u0107 i Nova godina), der Ostern (Uskrs)<\/span><\/li>\n<\/ul>\n<p><span style=\"font-family: 'comic sans ms', sans-serif;\"><strong>Abz\u00e4hlreime <\/strong>(brojalice): Eine ale Frau, 1,2 Papagei, 1, 2, 3, 4 auf dem Klavier, X, ax, ux der rote Fuchs, 1, 2, 3, Mutti kockt ein Ei.<\/span><\/p>\n<p><span style=\"font-family: 'comic sans ms', sans-serif;\"><strong>Spiele <\/strong>(igre): Farbenspiel, Memory, Frage &#8211; Antwort \u2013 Spiel, mein rechter Platz ist leer, Ich packe meine Koffer und nehme mit&#8230;, Fingerspiele (Klein rotes Auto, Der Kaufman, V\u00f6gel).<\/span><\/p>\n<p><span style=\"font-family: 'comic sans ms', sans-serif;\"><strong>Kinderlieder <\/strong>(pjesmice): Guten Tag Lied, Begr\u03cb\u03b2ungslied (Guten Morgen), Bruder\u00a0 Jakob, Tanzlied, ich geh\u2018 mit meiner Laterne, Laterne \u2013 Lied, Backe, backe Kuchen, Advent, Kling Gl\u00f6ckchen, Im Zoo, Ich fahre mit dem Auto, Kuckuck!, Kuckuck!, Wo sind meine H\u00e4nde, Hopsasa, der braune Hase, H\u00e4schen in der Grube, Nikolaus, Es war eine Mutter, Gr\u03cbn,gr\u03cbn, gr\u03cbn sind alle meine Kleider.<\/span><\/p>\n<p><span style=\"font-family: 'comic sans ms', sans-serif;\"><strong>\u00a0<\/strong><\/span><\/p>\n<p>&nbsp;<\/p>\n","protected":false},"excerpt":{"rendered":"<p>WIR SPRECHEN DEUTCH Rano u\u010denje stranog jezika u vrijeme globalizacije smatra se iznimno va\u017enim. Ima povoljne u\u010dinke na intelektualni i cjelokupni razvoj djeteta te pozitivno utje\u010de na kasnije u\u010denje drugih jezika. Dijete pred\u0161kolske dobi u\u010di na specifi\u010dan na\u010din ,istra\u017euju\u0107i svijet &hellip; <a href=\"http:\/\/www.pipidugacarapa.hr\/?page_id=191\">Nastavi \u010ditati <span class=\"meta-nav\">&rarr;<\/span><\/a><\/p>\n","protected":false},"author":1,"featured_media":0,"parent":0,"menu_order":1,"comment_status":"closed","ping_status":"open","template":"","meta":{"ngg_post_thumbnail":0},"_links":{"self":[{"href":"http:\/\/www.pipidugacarapa.hr\/index.php?rest_route=\/wp\/v2\/pages\/191"}],"collection":[{"href":"http:\/\/www.pipidugacarapa.hr\/index.php?rest_route=\/wp\/v2\/pages"}],"about":[{"href":"http:\/\/www.pipidugacarapa.hr\/index.php?rest_route=\/wp\/v2\/types\/page"}],"author":[{"embeddable":true,"href":"http:\/\/www.pipidugacarapa.hr\/index.php?rest_route=\/wp\/v2\/users\/1"}],"replies":[{"embeddable":true,"href":"http:\/\/www.pipidugacarapa.hr\/index.php?rest_route=%2Fwp%2Fv2%2Fcomments&post=191"}],"version-history":[{"count":9,"href":"http:\/\/www.pipidugacarapa.hr\/index.php?rest_route=\/wp\/v2\/pages\/191\/revisions"}],"predecessor-version":[{"id":702,"href":"http:\/\/www.pipidugacarapa.hr\/index.php?rest_route=\/wp\/v2\/pages\/191\/revisions\/702"}],"wp:attachment":[{"href":"http:\/\/www.pipidugacarapa.hr\/index.php?rest_route=%2Fwp%2Fv2%2Fmedia&parent=191"}],"curies":[{"name":"wp","href":"https:\/\/api.w.org\/{rel}","templated":true}]}}