{"id":47,"date":"2011-10-26T09:46:00","date_gmt":"2011-10-26T09:46:00","guid":{"rendered":"http:\/\/localhost\/pipidugacarapa\/?page_id=47"},"modified":"2013-11-06T16:43:27","modified_gmt":"2013-11-06T16:43:27","slug":"leptirici","status":"publish","type":"page","link":"http:\/\/www.pipidugacarapa.hr\/?page_id=47","title":{"rendered":"Leptiri\u0107i"},"content":{"rendered":"<h1 align=\"center\"><\/h1>\n<h1 style=\"text-align: center;\" align=\"center\"><span style=\"font-family: 'comic sans ms', sans-serif;\">Odgojna skupina <span style=\"color: #800080;\">Leptiri\u0107i<\/span> za djecu od 2. do 4. godine \u017eivota<\/span><\/h1>\n<h1 align=\"center\"><span style=\"font-family: 'comic sans ms', sans-serif;\">DIJETE U DOBI OD 2 DO 3 GODINE<\/span><\/h1>\n<p><span style=\"font-family: 'comic sans ms', sans-serif;\">Dvogodi\u0161nje dijete je u pravilu stabilno, motori\u010dki spretno, mo\u017ee verbalno komunicirati, povremeno se mo\u017ee strpiti, izdr\u017eati malu frustraciju, prihvatiti tu\u0111e \u017eelje, odre\u0107i se igra\u010dke. Ljudi mu zna\u010de mnogo vi\u0161e nego ranije, umiljato je, mazi se. Nakon ovog kratkog stabilnog razdoblja slijedi izrazito nestabilno pona\u0161anje, \u010diji je vrhunac obi\u010dno oko dvije i pol godine. Tada je dijete \u010desto prili\u010dno kruto i nefleksibilno, dominantno i zahtjevno, emocije su mu burne, izrazito je neodlu\u010dno: sve mora biti kako ono ho\u0107e i nikako druk\u010dije, a istodobno ho\u0107e i ovo i ono. U konfliktu je samo sa sobom, pa i sa svojom okolinom. To je <strong>kriza tre\u0107e godine<\/strong>, doba prkosa i otpora. Dijete se po\u010dinje opirati odraslima koji sve rade umjesto njega i po\u010dinje izra\u017eavati \u017eelju da ne\u0161to u\u010dini samo. To je doba stjecanja prve autonomije.<\/span><\/p>\n<p><span style=\"font-family: 'comic sans ms', sans-serif;\">S tri godine opet nastupa kratkotrajno smirenje. Dijete \u0107e u\u010destalije re\u0107i \u201cda\u201d i koristiti zamjenicu \u201cmi\u201d, sve vi\u0161e \u0107e u\u017eivati u zajedni\u0161tvu s drugima. Postaje sve sigurnije i vi\u0161e mu ne treba za\u0161tita u obliku rituala i potreba da sve uvijek bude isto. Motorna spretnost pomogla mu je u samostalnosti, a posebnu sigurnost u sebe pru\u017eio mu je razvoj govora &#8211; i kao sredstvo komunikacije i kao sredstvo mi\u0161ljenja. U ovoj je dobi vidljiv po\u010detak istra\u017eiva\u010dkog pona\u0161anja i aktivnog isprobavanja u svim podru\u010djima razvoja.<\/span><\/p>\n<h1 align=\"center\"><span style=\"font-family: 'comic sans ms', sans-serif;\">DIJETE U DOBI OD 3 DO 4 GODINE<\/span><\/h1>\n<h2><span style=\"font-family: 'comic sans ms', sans-serif;\">U \u010detvrtu godinu dijete ulazi uravnote\u017eeno i prili\u010dno sigurno u sebe i svoju okolinu. <\/span><\/h2>\n<h2><span style=\"font-family: 'comic sans ms', sans-serif;\">U tome mu znatno poma\u017ee ve\u0107 vrlo dobro razvijen govor i interes za jezik i komunikaciju. Daleko vi\u0161e voli govoriti nego slu\u0161ati.<\/span><\/h2>\n<h2><span style=\"font-family: 'comic sans ms', sans-serif;\">\u00a0\u00a0\u00a0\u00a0 S tri i pol godine mo\u017ee se pojaviti nesigurnost, neravnote\u017ea i manjak koordinacije, \u0161to se o\u010dituje u jednom ili svim podru\u010djima pona\u0161anja.<\/span><\/h2>\n<h2><span style=\"font-family: 'comic sans ms', sans-serif;\"> U motorici, naprimjer, mo\u017ee se pojaviti spoticanje, padanje, strah od visine, lo\u0161a koordinacija u crtanju i gra\u0111enju. Individualne razlike su velike. Nespretnija djeca tek sad zapo\u010dinju usvajati motori\u010dke vje\u0161tine. Mucanje, koje se pojavljuje u ovom razdoblju, mo\u017ee ostati trajna te\u0161ko\u0107a. Kod mnoge djece su izra\u017eena pona\u0161anja koja smanjuju napetost &#8211; npr. \u017emirkanje o\u010dima, sisanje palca, gri\u017eenje noktiju, kopanje nosa. I u odnosu prema drugima dijete mo\u017ee imati te\u0161ko\u0107e. Svoju emocionalnu nesigurnost izra\u017eava pla\u010dem, cendranjem, zahtjevima, ljubomorom; \u010das je srame\u017eljivo, \u010das nametljivo. U ovoj dobi dijete po\u010dinje uistinu do\u017eivljavati uspjeh i neuspjeh, tako sada prepoznajemo po\u010detke samovrednovanja.<\/span><\/h2>\n<p><span style=\"font-family: 'comic sans ms', sans-serif;\">Ovo je dob kad su najvidljivija djetetova ograni\u010denja u shva\u0107anju pojava vanjskog svijeta &#8211; ka\u017eemo za mi\u0161ljenje da je predoperacionalno. Dijete koje je okru\u017eeno odraslima koji mu tuma\u010de svijet, \u00a0koje se vi\u0161e igra s drugom djecom, br\u017ee \u0107e prevladati ograni\u010denja predoperacionalnog mi\u0161ljenja. <\/span><\/p>\n<p><span style=\"font-family: 'comic sans ms', sans-serif;\">Zanima ga i funkcioniranje vlastitog tijela.<\/span><\/p>\n<p><span style=\"font-family: 'comic sans ms', sans-serif;\">Djetetu valja posvetiti puno strpljenja, pa\u017enje i razumijevanja. Tako\u0111er, s \u010detiri godine ulazi u razdoblje kad odjednom postaje previ\u0161e sigurno u sebe i isku\u0161ava svoje sposobnosti vi\u0161e od dopu\u0161tenih granica, \u0161to ga mo\u017ee dovesti u opasnost i konflikt s okolinom.<\/span><\/p>\n","protected":false},"excerpt":{"rendered":"<p>Odgojna skupina Leptiri\u0107i za djecu od 2. do 4. godine \u017eivota DIJETE U DOBI OD 2 DO 3 GODINE Dvogodi\u0161nje dijete je u pravilu stabilno, motori\u010dki spretno, mo\u017ee verbalno komunicirati, povremeno se mo\u017ee strpiti, izdr\u017eati malu frustraciju, prihvatiti tu\u0111e \u017eelje, &hellip; <a href=\"http:\/\/www.pipidugacarapa.hr\/?page_id=47\">Nastavi \u010ditati <span class=\"meta-nav\">&rarr;<\/span><\/a><\/p>\n","protected":false},"author":1,"featured_media":0,"parent":0,"menu_order":1,"comment_status":"closed","ping_status":"open","template":"","meta":{"ngg_post_thumbnail":0},"_links":{"self":[{"href":"http:\/\/www.pipidugacarapa.hr\/index.php?rest_route=\/wp\/v2\/pages\/47"}],"collection":[{"href":"http:\/\/www.pipidugacarapa.hr\/index.php?rest_route=\/wp\/v2\/pages"}],"about":[{"href":"http:\/\/www.pipidugacarapa.hr\/index.php?rest_route=\/wp\/v2\/types\/page"}],"author":[{"embeddable":true,"href":"http:\/\/www.pipidugacarapa.hr\/index.php?rest_route=\/wp\/v2\/users\/1"}],"replies":[{"embeddable":true,"href":"http:\/\/www.pipidugacarapa.hr\/index.php?rest_route=%2Fwp%2Fv2%2Fcomments&post=47"}],"version-history":[{"count":11,"href":"http:\/\/www.pipidugacarapa.hr\/index.php?rest_route=\/wp\/v2\/pages\/47\/revisions"}],"predecessor-version":[{"id":697,"href":"http:\/\/www.pipidugacarapa.hr\/index.php?rest_route=\/wp\/v2\/pages\/47\/revisions\/697"}],"wp:attachment":[{"href":"http:\/\/www.pipidugacarapa.hr\/index.php?rest_route=%2Fwp%2Fv2%2Fmedia&parent=47"}],"curies":[{"name":"wp","href":"https:\/\/api.w.org\/{rel}","templated":true}]}}