{"id":720,"date":"2013-10-10T12:30:30","date_gmt":"2013-10-10T12:30:30","guid":{"rendered":"http:\/\/www.pipidugacarapa.hr\/?page_id=720"},"modified":"2025-04-28T22:44:54","modified_gmt":"2025-04-28T20:44:54","slug":"dogadanja-2","status":"publish","type":"page","link":"https:\/\/www.pipidugacarapa.hr\/","title":{"rendered":"Doga\u0111anja"},"content":{"rendered":"\n<p>28.04.2025.<\/p>\n\n\n\n<p><strong>Poziv na besplatne STEM radionice<\/strong><\/p>\n\n\n\n<p>Udruga BAZA za razvoj u sklopu projekta Pokus, SF.2.4.06.04.0038 i u partnerstvu s Dje\u010djim vrti\u0107em Pipi Duga \u010carapa organizira besplatne STEM radionice za djecu. Radionice \u0107e biti iz podru\u010dja robotike, uvoda u matematiku, znanstveno-istra\u017eiva\u010dkih projekata i sl.<\/p>\n\n\n\n<p>Za iskaz interesa za sudjelovanje na radionicama potrebno je prijaviti se putem poveznice (QR coda) ili ispunjavanjem prijavnog obrasca kojeg mo\u017eete zatra\u017eiti u Dje\u010djem vrti\u0107u.<\/p>\n\n\n\n<p class=\"has-text-align-center\"><img decoding=\"async\" loading=\"lazy\" width=\"330\" height=\"330\" class=\"wp-image-1109\" style=\"width: 150px;\" src=\"http:\/\/www.pipidugacarapa.hr\/wp-content\/uploads\/2025\/04\/qr.png\" alt=\"\" srcset=\"https:\/\/www.pipidugacarapa.hr\/wp-content\/uploads\/2025\/04\/qr.png 330w, https:\/\/www.pipidugacarapa.hr\/wp-content\/uploads\/2025\/04\/qr-300x300.png 300w, https:\/\/www.pipidugacarapa.hr\/wp-content\/uploads\/2025\/04\/qr-150x150.png 150w, https:\/\/www.pipidugacarapa.hr\/wp-content\/uploads\/2025\/04\/qr-92x92.png 92w, https:\/\/www.pipidugacarapa.hr\/wp-content\/uploads\/2025\/04\/qr-100x100.png 100w, https:\/\/www.pipidugacarapa.hr\/wp-content\/uploads\/2025\/04\/qr-200x200.png 200w\" sizes=\"(max-width: 330px) 100vw, 330px\" \/><\/p>\n\n\n\n<p>Projekt \u201ePokus\u201c sufinancira Europska unija iz Europskog socijalnog fonda plus u sklopu Poziva \u201eJa\u010danje kapaciteta organizacija civilnoga dru\u0161tva za promociju STEM-a\u201c, Razdoblje provedbe projekta je od 12.03.2025. do 12.03.2027. Ciljne skupine su djeca vrti\u0107ke dobi. O\u010dekuje se uklju\u010divanje minimalno 300 djece po godini provedbe projekta.<\/p>\n\n\n\n<p>Aktualan raspored radionica, kao i javnih promocija mo\u017eete prona\u0107i na <a href=\"https:\/\/udruga-baza.hr\/\">https:\/\/udruga-baza.hr\/<\/a><\/p>\n\n\n\n<p>Izneseni stavovi i mi\u0161ljenja samo su autorova i ne odra\u017eavaju nu\u017eno slu\u017ebena stajali\u0161ta Europske Unije ili Europske Komisije. Ni europska Unija ni Europska komisija ne mogu se smatrati odgovornim za njih.<\/p>\n\n\n\n<p>Provedba Projekta sufinancirana je sredstvima Europske unije iz Europskog socijalnog fonda plus. Za vi\u0161e informacija o EU fondovima molimo posjetite web stranicu Europskog socijalnog fonda plus: https:\/\/esf.hr\/esfplus\/.<\/p>\n\n\n\n<p>Ovaj projekt sufinancira Ured za udruge Vlade Republike Hrvatske. Stajali\u0161ta izra\u017eena u ovoj objavi isklju\u010diva su odgovornost Udruge Baza za razvoj i ne odra\u017eavaju nu\u017eno stajali\u0161te Ureda za udruge Vlade Republike Hrvatske.<\/p>\n\n\n\n<p><img decoding=\"async\" loading=\"lazy\" width=\"825\" height=\"123\" class=\"wp-image-1110\" style=\"width: 850px;\" src=\"http:\/\/www.pipidugacarapa.hr\/wp-content\/uploads\/2025\/04\/0.png\" alt=\"\" srcset=\"https:\/\/www.pipidugacarapa.hr\/wp-content\/uploads\/2025\/04\/0.png 825w, https:\/\/www.pipidugacarapa.hr\/wp-content\/uploads\/2025\/04\/0-300x45.png 300w, https:\/\/www.pipidugacarapa.hr\/wp-content\/uploads\/2025\/04\/0-768x115.png 768w, https:\/\/www.pipidugacarapa.hr\/wp-content\/uploads\/2025\/04\/0-500x75.png 500w\" sizes=\"(max-width: 825px) 100vw, 825px\" \/><\/p>\n\n\n\n<p>17.04.2020.<\/p>\n\n\n\n<p><strong>Vje\u017ebajte sa nama<\/strong><\/p>\n\n\n\n<p><iframe loading=\"lazy\" src=\"\/\/www.youtube.com\/embed\/rNnB7qQxQpU\" width=\"560\" height=\"314\" allowfullscreen=\"allowfullscreen\"><\/iframe><\/p>\n\n\n\n<p><iframe loading=\"lazy\" src=\"\/\/www.youtube.com\/embed\/nsgatccy-ZY\" width=\"560\" height=\"314\" allowfullscreen=\"allowfullscreen\"><\/iframe><\/p>\n\n\n\n<p><iframe loading=\"lazy\" src=\"\/\/www.youtube.com\/embed\/st4oIy7cSvY\" width=\"560\" height=\"314\" allowfullscreen=\"allowfullscreen\"><\/iframe><\/p>\n\n\n\n<p><iframe loading=\"lazy\" src=\"\/\/www.youtube.com\/embed\/UFHKfGtUWQk\" width=\"560\" height=\"314\" allowfullscreen=\"allowfullscreen\"><\/iframe><\/p>\n\n\n\n<p><iframe loading=\"lazy\" src=\"\/\/www.youtube.com\/embed\/aAeITRH7Myc\" width=\"560\" height=\"314\" allowfullscreen=\"allowfullscreen\"><\/iframe><\/p>\n\n\n\n<p>11.04.2020.<\/p>\n\n\n\n<p><strong>Virtualne predstave<\/strong><\/p>\n\n\n\n<p><iframe loading=\"lazy\" src=\"\/\/www.youtube.com\/embed\/3vfqJy1_cwM\" width=\"560\" height=\"314\" allowfullscreen=\"allowfullscreen\"><\/iframe><\/p>\n\n\n\n<p><iframe loading=\"lazy\" src=\"\/\/www.youtube.com\/embed\/_qXwfRx0mEk\" width=\"560\" height=\"314\" allowfullscreen=\"allowfullscreen\"><\/iframe><\/p>\n\n\n\n<p><iframe loading=\"lazy\" src=\"\/\/www.youtube.com\/embed\/zmNbhWXjwI0\" width=\"560\" height=\"314\" allowfullscreen=\"allowfullscreen\"><\/iframe><\/p>\n\n\n\n<p><iframe loading=\"lazy\" src=\"\/\/www.youtube.com\/embed\/SBjIW3Bcxy0\" width=\"560\" height=\"314\" allowfullscreen=\"allowfullscreen\"><\/iframe><\/p>\n\n\n\n<p>07.04.2020.<\/p>\n\n\n\n<p><strong>Vje\u017ebajte sa nama<\/strong><\/p>\n\n\n\n<p><iframe loading=\"lazy\" src=\"\/\/www.youtube.com\/embed\/wojHqpMCYk0\" width=\"560\" height=\"314\" allowfullscreen=\"allowfullscreen\"><\/iframe><\/p>\n\n\n\n<p><iframe loading=\"lazy\" src=\"\/\/www.youtube.com\/embed\/mgN2qJ6uEMQ\" width=\"560\" height=\"314\" allowfullscreen=\"allowfullscreen\"><\/iframe><\/p>\n\n\n\n<p><iframe loading=\"lazy\" src=\"\/\/www.youtube.com\/embed\/wdWcY0kKbA8\" width=\"560\" height=\"314\" allowfullscreen=\"allowfullscreen\"><\/iframe><\/p>\n\n\n\n<p><iframe loading=\"lazy\" src=\"\/\/www.youtube.com\/embed\/hDdF9V6J0gw\" width=\"560\" height=\"314\" allowfullscreen=\"allowfullscreen\"><\/iframe><\/p>\n\n\n\n<p>31.03.2020.<\/p>\n\n\n\n<p><strong>Veseli virtualni vrti\u0107<\/strong><\/p>\n\n\n\n<p><iframe loading=\"lazy\" src=\"\/\/www.youtube.com\/embed\/rO5zT1rI-t4\" width=\"560\" height=\"314\" allowfullscreen=\"allowfullscreen\"><\/iframe><\/p>\n\n\n\n<p><iframe loading=\"lazy\" src=\"\/\/www.youtube.com\/embed\/YbuP9Mw9hlg\" width=\"560\" height=\"314\" allowfullscreen=\"allowfullscreen\"><\/iframe><\/p>\n\n\n\n<p><iframe loading=\"lazy\" src=\"\/\/www.youtube.com\/embed\/JBW_MqsLyio\" width=\"560\" height=\"314\" allowfullscreen=\"allowfullscreen\"><\/iframe><\/p>\n\n\n\n<p><iframe loading=\"lazy\" src=\"\/\/www.youtube.com\/embed\/Xoq0-BF1GjY\" width=\"560\" height=\"314\" allowfullscreen=\"allowfullscreen\"><\/iframe><\/p>\n\n\n\n<p><iframe loading=\"lazy\" src=\"\/\/www.youtube.com\/embed\/z12xpkyGdi0\" width=\"560\" height=\"314\" allowfullscreen=\"allowfullscreen\"><\/iframe><\/p>\n\n\n\n<p>27.03.2020.<\/p>\n\n\n\n<p>PIPI I VIRUSI<\/p>\n\n\n\n<p><iframe loading=\"lazy\" src=\"\/\/www.youtube.com\/embed\/akl09oxykHg\" width=\"560\" height=\"314\" allowfullscreen=\"allowfullscreen\"><\/iframe><\/p>\n\n\n\n<p>25.03.2020.<\/p>\n\n\n\n<p><strong>Virtualni vrti\u0107<\/strong><\/p>\n\n\n\n<p><iframe loading=\"lazy\" src=\"\/\/www.youtube.com\/embed\/Fpy9eNrb83c\" width=\"560\" height=\"314\" allowfullscreen=\"allowfullscreen\"><\/iframe><iframe loading=\"lazy\" src=\"\/\/www.youtube.com\/embed\/kerVLXV8QgI\" width=\"560\" height=\"314\" allowfullscreen=\"allowfullscreen\"><\/iframe><iframe loading=\"lazy\" src=\"\/\/www.youtube.com\/embed\/3dEk7Tb4xs4\" width=\"560\" height=\"314\" allowfullscreen=\"allowfullscreen\"><\/iframe><iframe loading=\"lazy\" src=\"\/\/www.youtube.com\/embed\/2ytjdm9xTRs\" width=\"560\" height=\"314\" allowfullscreen=\"allowfullscreen\"><\/iframe><iframe loading=\"lazy\" src=\"\/\/www.youtube.com\/embed\/4MPX8esNkfU\" width=\"560\" height=\"314\" allowfullscreen=\"allowfullscreen\"><\/iframe><iframe loading=\"lazy\" src=\"\/\/www.youtube.com\/embed\/Ss37hmzwPrY\" width=\"560\" height=\"314\" allowfullscreen=\"allowfullscreen\"><\/iframe><iframe loading=\"lazy\" src=\"\/\/www.youtube.com\/embed\/nxR6FNyZoCY\" width=\"560\" height=\"314\" allowfullscreen=\"allowfullscreen\"><\/iframe><iframe loading=\"lazy\" src=\"\/\/www.youtube.com\/embed\/iRiwD_7mlEA\" width=\"560\" height=\"314\" allowfullscreen=\"allowfullscreen\"><\/iframe><\/p>\n\n\n\n<p>31.10.2016.<\/p>\n\n\n\n<p>Projekt &#8220;Mi jedemo odgovorno&#8221;<\/p>\n\n\n\n<p>Na\u0161 vrti\u0107 je ve\u0107 nekoliko godina eko vrti\u0107. Ove godine osim ve\u0107 dobro poznatih eko aktivnosti i projekata &nbsp;uklju\u010dili smo se i u me\u0111unarodni projekt \u201eMi jedemo odgovorno\u201c.<\/p>\n\n\n\n<p>Hrana predstavlja izuzetno va\u017ean segment na\u0161ega \u017eivota a pravilna prehrana pozitivno utje\u010de na razvoj djece i zdravlje odraslih. Na\u0161e odluke o hrani ne utje\u010du samo na na\u0161e zdravlje nego izravno utje\u010du i na zdravlje na\u0161eg planeta (vodu, tlo, ekosustav, bioraznolikost, kori\u0161tenje energije \u2026), klimatske promjene, smanjenje siroma\u0161tva, daljnji razvoj i rast populacije i javno zdravstvo.<\/p>\n\n\n\n<p>Ovim projektom poku\u0161ati \u0107emo osvijestiti na\u0161u \u0161iru i u\u017eu okolinu o va\u017enosti odgovorne prehrane.<\/p>\n\n\n\n<p>24.10.2013.<\/p>\n\n\n\n<h1 class=\"wp-block-heading\">Dobili smo igrali\u0161te!!!<\/h1>\n\n\n\n<p>Sve\u010dano otvorenje dje\u010djeg igrali\u0161ta i parka u Na\u0161i\u010dkoj ulici kod broja 18.<\/p>\n\n\n<div class=\"wp-block-image\">\n<figure class=\"alignleft\"><a href=\"http:\/\/www.pipidugacarapa.hr\/wp-content\/uploads\/2013\/10\/131024_park-14.jpg\"><img decoding=\"async\" loading=\"lazy\" width=\"150\" height=\"150\" src=\"http:\/\/www.pipidugacarapa.hr\/wp-content\/uploads\/2013\/10\/131024_park-14-150x150.jpg\" alt=\"\" class=\"wp-image-845\"\/><\/a><\/figure><\/div>\n\n<div class=\"wp-block-image\">\n<figure class=\"alignleft\"><a href=\"http:\/\/www.pipidugacarapa.hr\/wp-content\/uploads\/2013\/10\/131024_park-7.jpg\"><img decoding=\"async\" loading=\"lazy\" width=\"150\" height=\"150\" src=\"http:\/\/www.pipidugacarapa.hr\/wp-content\/uploads\/2013\/10\/131024_park-7-150x150.jpg\" alt=\"\" class=\"wp-image-846\"\/><\/a><\/figure><\/div>\n\n\n<figure class=\"wp-block-image\"><a href=\"http:\/\/www.pipidugacarapa.hr\/wp-content\/uploads\/2013\/10\/IMG_4899.jpg\"><img decoding=\"async\" loading=\"lazy\" width=\"150\" height=\"150\" src=\"http:\/\/www.pipidugacarapa.hr\/wp-content\/uploads\/2013\/10\/IMG_4899-150x150.jpg\" alt=\"\" class=\"wp-image-844\"\/><\/a><\/figure>\n\n\n\n<p>U ime gradona\u010delnika Grada Zagreba i uz prigodni program mali\u0161ana dje\u010djeg vrti\u0107a Pipi Duga \u010carapa, pro\u010delnik GU za obrazovanje, kulturu i sport Ivica Lovri\u0107 otvorio je novoure\u0111eno dje\u010dje igrali\u0161te i park u Na\u0161i\u010dkoj ulici. Investicijom vrijednom 1.046.133,56 kuna, osiguranih iz plana Malih komunalnih akcija Gradske \u010detvrti prepoznate su potrebe djece G\u010c Tre\u0161njevka \u2013jug te je ure\u0111eno i opremljeno dje\u010dje igrali\u0161te.<\/p>\n\n\n\n<p><em>Gradona\u010delnik na\u017ealost zbog sjednice Gradske skup\u0161tine ovdje nije s nama, no svojim djelima svakako je s nama. Igrali\u0161te koje danas ovdje otvaramo samo je dokaz da imamo, usudim se re\u0107i, jedan od najboljih pred\u0161kolskih sustava u svijetu. Posebno nas raduje da igrali\u0161te ne\u0107e biti u funkciji samo djece koje su u dje\u010djem vrti\u0107u, ve\u0107 na usluzi djeci cijelog naselja<\/em>, rekao je pro\u010delnik Lovri\u0107.<\/p>\n\n\n\n<p>Inicijativa za ure\u0111enje dje\u010djeg igrali\u0161ta i parka potekla je od osniva\u010dice privatnog dje\u010djeg vrti\u0107a Pipi Duga \u010carapa Branke Bobinac koja je otvaranju zahvalila svima koji su sudjelovali u projektu, a posebno gradona\u010delniku Bandi\u0107u koji je u\u010dinio najbolje za djecu i ostvario njihov san: <em>Ovo je jedna prekrasna poruka djeci, da treba raditi i sanjati i da \u0107e se snovi ostvariti<\/em>.<\/p>\n","protected":false},"excerpt":{"rendered":"<p>28.04.2025. Poziv na besplatne STEM radionice Udruga BAZA za razvoj u sklopu projekta Pokus, SF.2.4.06.04.0038 i u partnerstvu s Dje\u010djim vrti\u0107em Pipi Duga \u010carapa organizira besplatne STEM radionice za djecu. Radionice \u0107e biti iz podru\u010dja robotike, uvoda u matematiku, znanstveno-istra\u017eiva\u010dkih &hellip; <a href=\"https:\/\/www.pipidugacarapa.hr\/\">Nastavi \u010ditati <span class=\"meta-nav\">&rarr;<\/span><\/a><\/p>\n","protected":false},"author":1,"featured_media":0,"parent":0,"menu_order":0,"comment_status":"closed","ping_status":"open","template":"","meta":{"ngg_post_thumbnail":0},"_links":{"self":[{"href":"https:\/\/www.pipidugacarapa.hr\/index.php?rest_route=\/wp\/v2\/pages\/720"}],"collection":[{"href":"https:\/\/www.pipidugacarapa.hr\/index.php?rest_route=\/wp\/v2\/pages"}],"about":[{"href":"https:\/\/www.pipidugacarapa.hr\/index.php?rest_route=\/wp\/v2\/types\/page"}],"author":[{"embeddable":true,"href":"https:\/\/www.pipidugacarapa.hr\/index.php?rest_route=\/wp\/v2\/users\/1"}],"replies":[{"embeddable":true,"href":"https:\/\/www.pipidugacarapa.hr\/index.php?rest_route=%2Fwp%2Fv2%2Fcomments&post=720"}],"version-history":[{"count":23,"href":"https:\/\/www.pipidugacarapa.hr\/index.php?rest_route=\/wp\/v2\/pages\/720\/revisions"}],"predecessor-version":[{"id":1111,"href":"https:\/\/www.pipidugacarapa.hr\/index.php?rest_route=\/wp\/v2\/pages\/720\/revisions\/1111"}],"wp:attachment":[{"href":"https:\/\/www.pipidugacarapa.hr\/index.php?rest_route=%2Fwp%2Fv2%2Fmedia&parent=720"}],"curies":[{"name":"wp","href":"https:\/\/api.w.org\/{rel}","templated":true}]}}