{"id":724,"date":"2013-10-10T12:31:03","date_gmt":"2013-10-10T12:31:03","guid":{"rendered":"http:\/\/www.pipidugacarapa.hr\/?page_id=724"},"modified":"2024-06-13T11:11:15","modified_gmt":"2024-06-13T09:11:15","slug":"o-vrticu","status":"publish","type":"page","link":"https:\/\/www.pipidugacarapa.hr\/?page_id=724","title":{"rendered":"O vrti\u0107u"},"content":{"rendered":"<p><img decoding=\"async\" loading=\"lazy\" class=\"wp-image-1091 aligncenter\" src=\"http:\/\/www.pipidugacarapa.hr\/wp-content\/uploads\/2024\/06\/0.jpg\" alt=\"\" width=\"407\" height=\"393\" srcset=\"https:\/\/www.pipidugacarapa.hr\/wp-content\/uploads\/2024\/06\/0.jpg 817w, https:\/\/www.pipidugacarapa.hr\/wp-content\/uploads\/2024\/06\/0-300x290.jpg 300w, https:\/\/www.pipidugacarapa.hr\/wp-content\/uploads\/2024\/06\/0-768x742.jpg 768w, https:\/\/www.pipidugacarapa.hr\/wp-content\/uploads\/2024\/06\/0-311x300.jpg 311w\" sizes=\"(max-width: 407px) 100vw, 407px\" \/><\/p>\n<p>Dje\u010dji vrti\u0107 Pipi Duga \u010carapa osnovala sam u studenome 2003. godine. Nalazimo se na adresi Na\u0161i\u010dka 18 na Stagli\u0161\u0107u (Jarun). Ljubav prema svome zvanju bila mi je motivacija za pokretanje ovog vrlo zahtjevnog posla: djeci stvoriti okru\u017eje u kojem \u0107e se osje\u0107ati kao u vlastitom domu; ono \u0161to za svoju djecu nisam uspjela prona\u0107i u ostalim vrti\u0107ima. U tom smislu uredila sam prostor vrti\u0107a, zadr\u017eav\u0161i obiteljsko ozra\u010dje, te sam pomno birala odgojiteljski kadar. Na\u0161e tete brinu o djeci svrstanoj u tri vrlo male skupine, kako bi imale vremena posvetiti se svakom djetetu.<\/p>\n<p>Redovno radno vrijeme vrti\u0107a je od 6.00 do 16.00 sati, a produljeno radno vrijeme vrti\u0107a od 16:00 do 20:00 svakog radnog dana u godini (osim subotom i nedjeljom).<\/p>\n<div><strong>HRANA I BORAVAK NA ZRAKU<\/strong><\/div>\n<div>&nbsp;<\/div>\n<div>Osnovne potrebe pred\u0161kolske djece su hrana i boravak na svje\u017eem zraku. Kako na\u0161oj djeci \u017eelim pru\u017eiti samo najbolje, odlu\u010dila sam se za hranu mediteranskog tipa.<\/div>\n<div>&nbsp;<\/div>\n<div>Osim glavnog, djeci spravljamo jo\u0161 \u010detiri obroka &#8211; i ne\u0161to \u0161to ne smijemo zaboraviti &#8211; dnevni tanjur zdravlja &#8211; svje\u017ee vo\u0107e!<\/div>\n<div>Na\u0161a djeca svakodnevno izlaze na svje\u017ei zrak, na obli\u017enja igrali\u0161ta, do jezera Jarun ili pak, oni ve\u0107i, do Medvednice, u poneki muzej ili \u0161etnju sredi\u0161tem grada.<\/div>\n<div>&nbsp;<\/div>\n<div><strong>O NA\u0160IM PROGRAMIMA<\/strong><\/div>\n<div>Svrha poha\u0111anja vrti\u0107a za dijete je prvenstveno igra, ali uz igru valja i ne\u0161to nau\u010diti. Znati\u017eeljne glavice na\u0161ih najmla\u0111ih nevjerojatnom lako\u0107om upijaju svijet oko sebe i nije im te\u0161ko u\u010diti dva strana jezika (engleski i njema\u010dki), ili sudjelovati u na\u0161im kreativnim radionicama. Najnovija istra\u017eivanja upravo upu\u0107uju na rano u\u010denje stranih jezika. Djetetu to nije optere\u0107enje, a ono \u0161to u ovoj dobi \u010duje, ostaje mu trajno kao temelj za kasniju naobrazbu, ne samo iz jezika. Ra\u010dunalnom radionicom uvodimo djecu u svijet suvremene tehnologije, ritmi\u010dkom i plesnom animiramo jednako dje\u010dake i djevoj\u010dice, lutkarskom, likovnom, pekarskom&#8230; Folklorom njegujemo na\u0161u ba\u0161tinu &#8211; plesove, zaboravljene dje\u010dje igre&#8230;<\/div>\n<div>&nbsp;<\/div>\n<div><strong>Programi koje provodimo u vrti\u0107u:<\/strong><\/div>\n<ul>\n<li><a title=\"Rano u\u010denje engleskog jezika\" href=\"http:\/\/www.pipidugacarapa.hr\/?page_id=189\">RANO U\u010cENJE ENGLESKOG JEZIKA<\/a><\/li>\n<li><a title=\"Rano u\u010denje njema\u010dkog jezika\" href=\"http:\/\/www.pipidugacarapa.hr\/?page_id=191\">RANO U\u010cENJE NJEMA\u010cKOG JEZIKA<\/a><\/li>\n<li><a title=\"Sportski program \u2013 univerzalni\" href=\"http:\/\/www.pipidugacarapa.hr\/?page_id=194\">SPORTSKI PROGRAM \u2013 UNIVERZALNI<\/a><\/li>\n<li><a title=\"Program ritmike i plesa\" href=\"http:\/\/www.pipidugacarapa.hr\/?page_id=198\">PROGRAM RITMIKE I PLESA<\/a><\/li>\n<li><a title=\"Dramsko-scenski program\" href=\"http:\/\/www.pipidugacarapa.hr\/?page_id=200\">DRAMSKO-SCENSKI PROGRAM<\/a><\/li>\n<li><a title=\"Karate program\" href=\"http:\/\/www.pipidugacarapa.hr\/?page_id=202\">KARATE PROGRAM<\/a><\/li>\n<li><a title=\"Narodni obi\u010daji, ples i igre\" href=\"http:\/\/www.pipidugacarapa.hr\/?page_id=204\">NARODNI OBI\u010cAJI, PLES I IGRE<\/a><\/li>\n<\/ul>\n<div>Djecu uklju\u010dujemo i u izvanvrti\u0107ke sportske aktivnosti. Organiziramo jednotjedno zimovanje, \u0161kolu skijanja na Medvednici, klizati u\u010dimo u sklopu Hokeja\u0161kog kluba Medve\u0161\u010dak. U toplijim danima na\u0161i treneri djecu u\u010de rolati i igrati tenis, plivamo na bazenima uza Savu, a jahanje svladavamo na Hipodromu. One starije obvezno u lipnju vodimo na jednotjedno ljetovanje na Jadran.<\/div>\n<div>Moramo se pohvaliti i javnim nastupima u kojima sudjeluju djeca iz svih na\u0161ih odgojnih skupina.<\/div>\n<div>Ne bismo li djecu oslobodili straha od takvih nastupa, nau\u010deno u sklopu na\u0161ih programa redovito izvodimo na priredbama u Zagrebu: na Trepsu (susreti plesnih skupina na Tre\u0161njevci), na Zrinjevcu, na Danima vrti\u0107a grada Zagreba i u drugim prigodama, za \u0161to smo dobili brojna priznanja i nagrade.<\/div>\n<div>Zahvaljujem Vam \u0161to ste nas posjetili na na\u0161oj web stranici, a za\u017eelite li koju obavijest vi\u0161e, vrata na\u0161eg vrti\u0107a uvijek su Vam otvorena.<\/div>\n<div style=\"text-align: center;\"><strong>Osniva\u010dica vrti\u0107a<\/strong><\/div>\n<div style=\"text-align: center;\"><strong>&nbsp;Branka Bobinac<\/strong><\/div>\n","protected":false},"excerpt":{"rendered":"<p>Dje\u010dji vrti\u0107 Pipi Duga \u010carapa osnovala sam u studenome 2003. godine. Nalazimo se na adresi Na\u0161i\u010dka 18 na Stagli\u0161\u0107u (Jarun). Ljubav prema svome zvanju bila mi je motivacija za pokretanje ovog vrlo zahtjevnog posla: djeci stvoriti okru\u017eje u kojem \u0107e &hellip; <a href=\"https:\/\/www.pipidugacarapa.hr\/?page_id=724\">Nastavi \u010ditati <span class=\"meta-nav\">&rarr;<\/span><\/a><\/p>\n","protected":false},"author":1,"featured_media":0,"parent":0,"menu_order":0,"comment_status":"closed","ping_status":"open","template":"","meta":{"ngg_post_thumbnail":0},"_links":{"self":[{"href":"https:\/\/www.pipidugacarapa.hr\/index.php?rest_route=\/wp\/v2\/pages\/724"}],"collection":[{"href":"https:\/\/www.pipidugacarapa.hr\/index.php?rest_route=\/wp\/v2\/pages"}],"about":[{"href":"https:\/\/www.pipidugacarapa.hr\/index.php?rest_route=\/wp\/v2\/types\/page"}],"author":[{"embeddable":true,"href":"https:\/\/www.pipidugacarapa.hr\/index.php?rest_route=\/wp\/v2\/users\/1"}],"replies":[{"embeddable":true,"href":"https:\/\/www.pipidugacarapa.hr\/index.php?rest_route=%2Fwp%2Fv2%2Fcomments&post=724"}],"version-history":[{"count":12,"href":"https:\/\/www.pipidugacarapa.hr\/index.php?rest_route=\/wp\/v2\/pages\/724\/revisions"}],"predecessor-version":[{"id":1093,"href":"https:\/\/www.pipidugacarapa.hr\/index.php?rest_route=\/wp\/v2\/pages\/724\/revisions\/1093"}],"wp:attachment":[{"href":"https:\/\/www.pipidugacarapa.hr\/index.php?rest_route=%2Fwp%2Fv2%2Fmedia&parent=724"}],"curies":[{"name":"wp","href":"https:\/\/api.w.org\/{rel}","templated":true}]}}