{"id":726,"date":"2013-10-10T12:31:20","date_gmt":"2013-10-10T12:31:20","guid":{"rendered":"http:\/\/www.pipidugacarapa.hr\/?page_id=726"},"modified":"2019-08-27T15:17:39","modified_gmt":"2019-08-27T13:17:39","slug":"tko-smo-mi","status":"publish","type":"page","link":"https:\/\/www.pipidugacarapa.hr\/?page_id=726","title":{"rendered":"Tko smo mi"},"content":{"rendered":"<h2>Dje\u010dji vrti\u0107 Pipi Duga \u010carapa<\/h2>\n<h3>Adresa: Na\u0161i\u010dka 18, 10000 Zagreb<\/h3>\n<h3>tel\/fax: +385 1 30 14 952 &nbsp;\/ vrti\u0107 \/<\/h3>\n<h3>mob: +385 91 38 31 506 &nbsp;\/ vrti\u0107 \/<\/h3>\n<h3>mob: +385 91 56 15 569 &nbsp;\/ Branka Bobinac \/<\/h3>\n<p>email: dv.pipizg@gmail.com<\/p>\n<p>Osniva\u010dica : Branka Bobinac<\/p>\n<p>Ravnateljica : Irina Vujnovi\u0107<\/p>\n","protected":false},"excerpt":{"rendered":"<p>Dje\u010dji vrti\u0107 Pipi Duga \u010carapa Adresa: Na\u0161i\u010dka 18, 10000 Zagreb tel\/fax: +385 1 30 14 952 &nbsp;\/ vrti\u0107 \/ mob: +385 91 38 31 506 &nbsp;\/ vrti\u0107 \/ mob: +385 91 56 15 569 &nbsp;\/ Branka Bobinac \/ email: dv.pipizg@gmail.com &hellip; <a href=\"https:\/\/www.pipidugacarapa.hr\/?page_id=726\">Nastavi \u010ditati <span class=\"meta-nav\">&rarr;<\/span><\/a><\/p>\n","protected":false},"author":1,"featured_media":0,"parent":0,"menu_order":0,"comment_status":"closed","ping_status":"open","template":"","meta":{"ngg_post_thumbnail":0},"_links":{"self":[{"href":"https:\/\/www.pipidugacarapa.hr\/index.php?rest_route=\/wp\/v2\/pages\/726"}],"collection":[{"href":"https:\/\/www.pipidugacarapa.hr\/index.php?rest_route=\/wp\/v2\/pages"}],"about":[{"href":"https:\/\/www.pipidugacarapa.hr\/index.php?rest_route=\/wp\/v2\/types\/page"}],"author":[{"embeddable":true,"href":"https:\/\/www.pipidugacarapa.hr\/index.php?rest_route=\/wp\/v2\/users\/1"}],"replies":[{"embeddable":true,"href":"https:\/\/www.pipidugacarapa.hr\/index.php?rest_route=%2Fwp%2Fv2%2Fcomments&post=726"}],"version-history":[{"count":5,"href":"https:\/\/www.pipidugacarapa.hr\/index.php?rest_route=\/wp\/v2\/pages\/726\/revisions"}],"predecessor-version":[{"id":951,"href":"https:\/\/www.pipidugacarapa.hr\/index.php?rest_route=\/wp\/v2\/pages\/726\/revisions\/951"}],"wp:attachment":[{"href":"https:\/\/www.pipidugacarapa.hr\/index.php?rest_route=%2Fwp%2Fv2%2Fmedia&parent=726"}],"curies":[{"name":"wp","href":"https:\/\/api.w.org\/{rel}","templated":true}]}}